{"id":325,"date":"2024-08-30T07:00:03","date_gmt":"2024-08-30T07:00:03","guid":{"rendered":"https:\/\/demosites.io\/one-page\/?page_id=8"},"modified":"2026-02-19T19:52:07","modified_gmt":"2026-02-19T19:52:07","slug":"da528-homepage","status":"publish","type":"page","link":"https:\/\/mercearialider.com.br\/","title":{"rendered":"Homepage"},"content":{"rendered":"\n<p><\/p>\n\n\n\n<div class=\"wp-block-cover\" style=\"min-height:550px;aspect-ratio:unset;\"><span aria-hidden=\"true\" class=\"wp-block-cover__background has-nv-site-bg-background-color has-background-dim-60 has-background-dim\"><\/span><img loading=\"lazy\" decoding=\"async\" width=\"938\" height=\"1600\" class=\"wp-block-cover__image-background wp-image-19\" alt=\"\" src=\"https:\/\/mercearialider.com.br\/wp-content\/uploads\/2026\/02\/WhatsApp-Image-2026-02-18-at-16.16.26.jpeg\" style=\"object-position:63% 10%\" data-object-fit=\"cover\" data-object-position=\"63% 10%\" srcset=\"https:\/\/mercearialider.com.br\/wp-content\/uploads\/2026\/02\/WhatsApp-Image-2026-02-18-at-16.16.26.jpeg 938w, https:\/\/mercearialider.com.br\/wp-content\/uploads\/2026\/02\/WhatsApp-Image-2026-02-18-at-16.16.26-176x300.jpeg 176w, https:\/\/mercearialider.com.br\/wp-content\/uploads\/2026\/02\/WhatsApp-Image-2026-02-18-at-16.16.26-600x1024.jpeg 600w, https:\/\/mercearialider.com.br\/wp-content\/uploads\/2026\/02\/WhatsApp-Image-2026-02-18-at-16.16.26-768x1310.jpeg 768w, https:\/\/mercearialider.com.br\/wp-content\/uploads\/2026\/02\/WhatsApp-Image-2026-02-18-at-16.16.26-900x1536.jpeg 900w\" sizes=\"(max-width: 938px) 100vw, 938px\" \/><div class=\"wp-block-cover__inner-container is-layout-constrained wp-block-cover-is-layout-constrained\">\n<p class=\"has-text-align-center has-x-large-font-size\" style=\"font-style:normal;font-weight:900;text-transform:uppercase\">Mercearia <\/p>\n\n\n\n<p class=\"has-text-align-center has-x-large-font-size\" style=\"font-style:normal;font-weight:900;text-transform:uppercase\">L\u00edder<\/p>\n\n\n\n<p class=\"has-text-align-center has-large-font-size\"><em>Desde 1982<\/em><\/p>\n\n\n\n<p class=\"has-text-align-center\">Tradi\u00e7\u00e3o, qualidade e confian\u00e7a h\u00e1 mais de 40 anos.<\/p>\n<\/div><\/div>\n\n\n\n<div class=\"wp-block-buttons is-layout-flex wp-block-buttons-is-layout-flex\">\n<div class=\"wp-block-button\"><a class=\"wp-block-button__link wp-element-button\">Fale conosco <\/a><\/div>\n<\/div>\n\n\n\n<p><\/p>\n\n\n\n<div class=\"wp-block-columns is-layout-flex wp-container-core-columns-is-layout-2 wp-block-columns-is-layout-flex\">\n<div class=\"wp-block-column is-layout-flow wp-block-column-is-layout-flow\">\n<p class=\"has-x-large-font-size\">QUEM SOMOS?<\/p>\n\n\n\n<p><\/p>\n\n\n\n<p class=\"has-medium-font-size\">Desde 1982, a Mercearia L\u00edder faz parte da hist\u00f3ria de Po\u00e7os de Caldas, oferecendo produtos selecionados com qualidade, tradi\u00e7\u00e3o e atendimento pr\u00f3ximo.<\/p>\n\n\n\n<p class=\"has-medium-font-size\">Somos uma mercearia que valoriza o bom gosto, os sabores marcantes e a experi\u00eancia de comprar bem \u2014 sem exageros, sem complica\u00e7\u00e3o. Aqui voc\u00ea encontra queijos, frios, carnes, bebidas e itens especiais escolhidos com crit\u00e9rio, para quem aprecia qualidade de verdade.<\/p>\n\n\n\n<p class=\"has-medium-font-size\">Mais do que uma loja, somos um ponto de encontro para quem busca confian\u00e7a, variedade e aquele atendimento que conhece voc\u00ea pelo nome.<\/p>\n<\/div>\n\n\n\n<div class=\"wp-block-column is-layout-flow wp-block-column-is-layout-flow\">\n<figure class=\"wp-block-image size-large is-resized\"><img loading=\"lazy\" decoding=\"async\" width=\"865\" height=\"1024\" src=\"https:\/\/mercearialider.com.br\/wp-content\/uploads\/2026\/02\/WhatsApp-Image-2026-02-18-at-17.38.03-865x1024.jpeg\" alt=\"\" class=\"wp-image-532\" style=\"width:566px;height:auto\" srcset=\"https:\/\/mercearialider.com.br\/wp-content\/uploads\/2026\/02\/WhatsApp-Image-2026-02-18-at-17.38.03-865x1024.jpeg 865w, https:\/\/mercearialider.com.br\/wp-content\/uploads\/2026\/02\/WhatsApp-Image-2026-02-18-at-17.38.03-253x300.jpeg 253w, https:\/\/mercearialider.com.br\/wp-content\/uploads\/2026\/02\/WhatsApp-Image-2026-02-18-at-17.38.03-768x909.jpeg 768w, https:\/\/mercearialider.com.br\/wp-content\/uploads\/2026\/02\/WhatsApp-Image-2026-02-18-at-17.38.03-1297x1536.jpeg 1297w, https:\/\/mercearialider.com.br\/wp-content\/uploads\/2026\/02\/WhatsApp-Image-2026-02-18-at-17.38.03.jpeg 1320w\" sizes=\"(max-width: 865px) 100vw, 865px\" \/><\/figure>\n\n\n\n<div class=\"wp-block-columns is-layout-flex wp-container-core-columns-is-layout-1 wp-block-columns-is-layout-flex\">\n<div class=\"wp-block-column is-layout-flow wp-block-column-is-layout-flow\"><\/div>\n\n\n\n<div class=\"wp-block-column is-layout-flow wp-block-column-is-layout-flow\"><\/div>\n<\/div>\n<\/div>\n<\/div>\n\n\n\n<p class=\"has-x-large-font-size\">CONHE\u00c7A<\/p>\n\n\n\n<p class=\"has-x-large-font-size\"> NOSSOS<\/p>\n\n\n\n<p class=\"has-x-large-font-size\"> PRODUTOS!<\/p>\n\n\n\n<div class=\"wp-block-columns is-layout-flex wp-container-core-columns-is-layout-3 wp-block-columns-is-layout-flex\">\n<div class=\"wp-block-column is-layout-flow wp-block-column-is-layout-flow\">\n<figure class=\"wp-block-image size-large is-resized\"><img loading=\"lazy\" decoding=\"async\" width=\"1024\" height=\"986\" src=\"https:\/\/mercearialider.com.br\/wp-content\/uploads\/2026\/02\/WhatsApp-Image-2026-02-18-at-17.45.212-1024x986.jpeg\" alt=\"\" class=\"wp-image-533\" style=\"width:343px;height:auto\" srcset=\"https:\/\/mercearialider.com.br\/wp-content\/uploads\/2026\/02\/WhatsApp-Image-2026-02-18-at-17.45.212-1024x986.jpeg 1024w, https:\/\/mercearialider.com.br\/wp-content\/uploads\/2026\/02\/WhatsApp-Image-2026-02-18-at-17.45.212-300x289.jpeg 300w, https:\/\/mercearialider.com.br\/wp-content\/uploads\/2026\/02\/WhatsApp-Image-2026-02-18-at-17.45.212-768x739.jpeg 768w, https:\/\/mercearialider.com.br\/wp-content\/uploads\/2026\/02\/WhatsApp-Image-2026-02-18-at-17.45.212.jpeg 1320w\" sizes=\"(max-width: 1024px) 100vw, 1024px\" \/><\/figure>\n<\/div>\n\n\n\n<div class=\"wp-block-column is-layout-flow wp-block-column-is-layout-flow\">\n<figure class=\"wp-block-image size-large is-resized\"><img loading=\"lazy\" decoding=\"async\" width=\"1320\" height=\"1320\" src=\"https:\/\/mercearialider.com.br\/wp-content\/uploads\/2026\/02\/WhatsApp-Image-2026-02-18-at-17.45.211-edited.jpeg\" alt=\"\" class=\"wp-image-539\" style=\"width:332px;height:auto\" srcset=\"https:\/\/mercearialider.com.br\/wp-content\/uploads\/2026\/02\/WhatsApp-Image-2026-02-18-at-17.45.211-edited.jpeg 1320w, https:\/\/mercearialider.com.br\/wp-content\/uploads\/2026\/02\/WhatsApp-Image-2026-02-18-at-17.45.211-edited-300x300.jpeg 300w, https:\/\/mercearialider.com.br\/wp-content\/uploads\/2026\/02\/WhatsApp-Image-2026-02-18-at-17.45.211-edited-1024x1024.jpeg 1024w, https:\/\/mercearialider.com.br\/wp-content\/uploads\/2026\/02\/WhatsApp-Image-2026-02-18-at-17.45.211-edited-150x150.jpeg 150w, https:\/\/mercearialider.com.br\/wp-content\/uploads\/2026\/02\/WhatsApp-Image-2026-02-18-at-17.45.211-edited-768x768.jpeg 768w\" sizes=\"(max-width: 1320px) 100vw, 1320px\" \/><\/figure>\n<\/div>\n\n\n\n<div class=\"wp-block-column is-layout-flow wp-block-column-is-layout-flow\">\n<figure class=\"wp-block-image size-large\"><img loading=\"lazy\" decoding=\"async\" width=\"1024\" height=\"909\" src=\"https:\/\/mercearialider.com.br\/wp-content\/uploads\/2026\/02\/WhatsApp-Image-2026-02-18-at-17.45.21-1024x909.jpeg\" alt=\"\" class=\"wp-image-535\" srcset=\"https:\/\/mercearialider.com.br\/wp-content\/uploads\/2026\/02\/WhatsApp-Image-2026-02-18-at-17.45.21-1024x909.jpeg 1024w, https:\/\/mercearialider.com.br\/wp-content\/uploads\/2026\/02\/WhatsApp-Image-2026-02-18-at-17.45.21-300x266.jpeg 300w, https:\/\/mercearialider.com.br\/wp-content\/uploads\/2026\/02\/WhatsApp-Image-2026-02-18-at-17.45.21-768x682.jpeg 768w, https:\/\/mercearialider.com.br\/wp-content\/uploads\/2026\/02\/WhatsApp-Image-2026-02-18-at-17.45.21.jpeg 1320w\" sizes=\"(max-width: 1024px) 100vw, 1024px\" \/><\/figure>\n<\/div>\n<\/div>\n\n\n\n<div class=\"wp-block-columns is-layout-flex wp-container-core-columns-is-layout-4 wp-block-columns-is-layout-flex\">\n<div class=\"wp-block-column is-layout-flow wp-block-column-is-layout-flow\">\n<figure class=\"wp-block-image size-large\"><img loading=\"lazy\" decoding=\"async\" width=\"1024\" height=\"874\" src=\"https:\/\/mercearialider.com.br\/wp-content\/uploads\/2026\/02\/WhatsApp-Image-2026-02-18-at-17.45.202-1024x874.jpeg\" alt=\"\" class=\"wp-image-536\" srcset=\"https:\/\/mercearialider.com.br\/wp-content\/uploads\/2026\/02\/WhatsApp-Image-2026-02-18-at-17.45.202-1024x874.jpeg 1024w, https:\/\/mercearialider.com.br\/wp-content\/uploads\/2026\/02\/WhatsApp-Image-2026-02-18-at-17.45.202-300x256.jpeg 300w, https:\/\/mercearialider.com.br\/wp-content\/uploads\/2026\/02\/WhatsApp-Image-2026-02-18-at-17.45.202-768x655.jpeg 768w, https:\/\/mercearialider.com.br\/wp-content\/uploads\/2026\/02\/WhatsApp-Image-2026-02-18-at-17.45.202.jpeg 1320w\" sizes=\"(max-width: 1024px) 100vw, 1024px\" \/><\/figure>\n<\/div>\n\n\n\n<div class=\"wp-block-column is-layout-flow wp-block-column-is-layout-flow\">\n<figure class=\"wp-block-image size-large\"><img loading=\"lazy\" decoding=\"async\" width=\"1024\" height=\"912\" src=\"https:\/\/mercearialider.com.br\/wp-content\/uploads\/2026\/02\/WhatsApp-Image-2026-02-18-at-17.45.201-1024x912.jpeg\" alt=\"\" class=\"wp-image-537\" srcset=\"https:\/\/mercearialider.com.br\/wp-content\/uploads\/2026\/02\/WhatsApp-Image-2026-02-18-at-17.45.201-1024x912.jpeg 1024w, https:\/\/mercearialider.com.br\/wp-content\/uploads\/2026\/02\/WhatsApp-Image-2026-02-18-at-17.45.201-300x267.jpeg 300w, https:\/\/mercearialider.com.br\/wp-content\/uploads\/2026\/02\/WhatsApp-Image-2026-02-18-at-17.45.201-768x684.jpeg 768w, https:\/\/mercearialider.com.br\/wp-content\/uploads\/2026\/02\/WhatsApp-Image-2026-02-18-at-17.45.201.jpeg 1320w\" sizes=\"(max-width: 1024px) 100vw, 1024px\" \/><\/figure>\n<\/div>\n\n\n\n<div class=\"wp-block-column is-layout-flow wp-block-column-is-layout-flow\">\n<figure class=\"wp-block-image size-large is-resized\"><img loading=\"lazy\" decoding=\"async\" width=\"1320\" height=\"1320\" src=\"https:\/\/mercearialider.com.br\/wp-content\/uploads\/2026\/02\/WhatsApp-Image-2026-02-18-at-17.45.20-edited.jpeg\" alt=\"\" class=\"wp-image-540\" style=\"width:338px;height:auto\" srcset=\"https:\/\/mercearialider.com.br\/wp-content\/uploads\/2026\/02\/WhatsApp-Image-2026-02-18-at-17.45.20-edited.jpeg 1320w, https:\/\/mercearialider.com.br\/wp-content\/uploads\/2026\/02\/WhatsApp-Image-2026-02-18-at-17.45.20-edited-300x300.jpeg 300w, https:\/\/mercearialider.com.br\/wp-content\/uploads\/2026\/02\/WhatsApp-Image-2026-02-18-at-17.45.20-edited-1024x1024.jpeg 1024w, https:\/\/mercearialider.com.br\/wp-content\/uploads\/2026\/02\/WhatsApp-Image-2026-02-18-at-17.45.20-edited-150x150.jpeg 150w, https:\/\/mercearialider.com.br\/wp-content\/uploads\/2026\/02\/WhatsApp-Image-2026-02-18-at-17.45.20-edited-768x768.jpeg 768w\" sizes=\"(max-width: 1320px) 100vw, 1320px\" \/><\/figure>\n<\/div>\n<\/div>\n\n\n\n<div class=\"wp-block-columns is-layout-flex wp-container-core-columns-is-layout-5 wp-block-columns-is-layout-flex\">\n<div class=\"wp-block-column is-layout-flow wp-block-column-is-layout-flow\">\n<p class=\"has-text-align-center has-x-large-font-size\">L\u00edder Mercearia |<\/p>\n\n\n\n<p class=\"has-text-align-center has-x-large-font-size\"> A Casa do Bom<\/p>\n\n\n\n<p class=\"has-text-align-center has-x-large-font-size\"> Gourmet!<\/p>\n<\/div>\n<\/div>\n","protected":false},"excerpt":{"rendered":"<p>QUEM SOMOS? Desde 1982, a Mercearia L\u00edder faz parte da hist\u00f3ria de Po\u00e7os de Caldas, oferecendo produtos selecionados com qualidade, tradi\u00e7\u00e3o e atendimento pr\u00f3ximo. Somos uma mercearia que valoriza o bom gosto, os sabores marcantes e a experi\u00eancia de comprar bem \u2014 sem exageros, sem complica\u00e7\u00e3o. Aqui voc\u00ea encontra queijos, frios, carnes, bebidas e itens&hellip;&nbsp;<a href=\"https:\/\/mercearialider.com.br\/\" rel=\"bookmark\"><span class=\"screen-reader-text\">Homepage<\/span><\/a><\/p>\n","protected":false},"author":1,"featured_media":0,"parent":0,"menu_order":0,"comment_status":"closed","ping_status":"closed","template":"","meta":{"neve_meta_sidebar":"full-width","neve_meta_container":"contained","neve_meta_enable_content_width":"on","neve_meta_content_width":100,"neve_meta_title_alignment":"center","neve_meta_author_avatar":"","neve_post_elements_order":"","neve_meta_disable_header":"","neve_meta_disable_footer":"","neve_meta_disable_title":"on","_themeisle_gutenberg_block_has_review":false,"footnotes":""},"_links":{"self":[{"href":"https:\/\/mercearialider.com.br\/index.php\/wp-json\/wp\/v2\/pages\/325"}],"collection":[{"href":"https:\/\/mercearialider.com.br\/index.php\/wp-json\/wp\/v2\/pages"}],"about":[{"href":"https:\/\/mercearialider.com.br\/index.php\/wp-json\/wp\/v2\/types\/page"}],"author":[{"embeddable":true,"href":"https:\/\/mercearialider.com.br\/index.php\/wp-json\/wp\/v2\/users\/1"}],"replies":[{"embeddable":true,"href":"https:\/\/mercearialider.com.br\/index.php\/wp-json\/wp\/v2\/comments?post=325"}],"version-history":[{"count":7,"href":"https:\/\/mercearialider.com.br\/index.php\/wp-json\/wp\/v2\/pages\/325\/revisions"}],"predecessor-version":[{"id":555,"href":"https:\/\/mercearialider.com.br\/index.php\/wp-json\/wp\/v2\/pages\/325\/revisions\/555"}],"wp:attachment":[{"href":"https:\/\/mercearialider.com.br\/index.php\/wp-json\/wp\/v2\/media?parent=325"}],"curies":[{"name":"wp","href":"https:\/\/api.w.org\/{rel}","templated":true}]}}